{"id":45485,"date":"2022-11-08T02:42:05","date_gmt":"2022-11-08T09:42:05","guid":{"rendered":"https:\/\/natureforesttherapycanada.org\/politique-de-confidentialite\/"},"modified":"2022-11-08T21:13:13","modified_gmt":"2022-11-08T21:13:13","slug":"politique-de-confidentialite","status":"publish","type":"page","link":"https:\/\/natureforesttherapycanada.org\/fr\/politique-de-confidentialite\/","title":{"rendered":"Politique de confidentialit\u00e9"},"content":{"rendered":"\n<p>La pr\u00e9sente politique de confidentialit\u00e9 d\u00e9crit la mani\u00e8re dont vos informations personnelles sont collect\u00e9es, utilis\u00e9es et partag\u00e9es lorsque vous visitez ou effectuez une transaction avec NFTC \u00e0 l&rsquo;adresse <a href=\"https:\/\/natureforesttherapycanada.org\/fr\/\">https:\/\/natureforesttherapycanada.org<\/a> (le \u00ab\u00a0site\u00a0\u00bb).<\/p>\n\n<h4 class=\"wp-block-heading\">INFORMATIONS PERSONNELLES QUE NOUS RECUEILLONS<\/h4>\n\n<p>Lorsque vous visitez le Site, nous recueillons automatiquement certaines informations sur votre appareil, notamment des informations sur votre navigateur web, votre adresse IP, votre fuseau horaire et certains des cookies install\u00e9s sur votre appareil. En outre, lorsque vous naviguez sur le site, nous recueillons des informations sur les pages Web ou les produits que vous consultez, sur les sites Web ou les termes de recherche qui vous ont amen\u00e9 sur le site et sur la mani\u00e8re dont vous interagissez avec le site. Nous d\u00e9signons ces informations collect\u00e9es automatiquement par le terme \u00ab\u00a0Informations sur les dispositifs\u00a0\u00bb.<\/p>\n\n<p>Nous recueillons des informations sur les appareils \u00e0 l&rsquo;aide des technologies suivantes :<\/p>\n\n<ul class=\"wp-block-list\">\n<li>\u00a0\u00bb Les cookies \u00a0\u00bb sont des fichiers de donn\u00e9es qui sont plac\u00e9s sur votre appareil ou votre ordinateur et qui comprennent souvent un identifiant unique anonyme. Pour plus d&rsquo;informations sur les cookies et sur la mani\u00e8re de les d\u00e9sactiver, visitez <a href=\"https:\/\/www.allaboutcookies.org\">https:\/\/www.allaboutcookies.org<\/a>.  <\/li>\n\n\n\n<li>Les \u00ab\u00a0fichiers journaux\u00a0\u00bb suivent les actions qui se produisent sur le site et collectent des donn\u00e9es, notamment votre adresse IP, votre type de navigateur, votre fournisseur d&rsquo;acc\u00e8s \u00e0 Internet, les pages de renvoi\/de sortie et les horodatages.  <\/li>\n\n\n\n<li>Les \u00ab\u00a0balises Web\u00a0\u00bb, \u00ab\u00a0tags\u00a0\u00bb et \u00ab\u00a0pixels\u00a0\u00bb sont des fichiers \u00e9lectroniques utilis\u00e9s pour enregistrer des informations sur la fa\u00e7on dont vous naviguez sur le site.<\/li>\n<\/ul>\n\n<p>En outre, lorsque vous vous inscrivez pour devenir membre, que vous vous abonnez \u00e0 des bulletins d&rsquo;information ou \u00e0 d&rsquo;autres services ou que vous effectuez un achat par l&rsquo;interm\u00e9diaire du site, nous recueillons certaines informations vous concernant, notamment votre nom, votre adresse de facturation, votre adresse de livraison, vos informations de paiement (y compris les num\u00e9ros de carte de cr\u00e9dit et les autres informations relatives aux modes de paiement), votre adresse \u00e9lectronique et votre num\u00e9ro de t\u00e9l\u00e9phone. Nous appelons ces informations \u00ab\u00a0Informations sur la commande\u00a0\u00bb.<\/p>\n\n<p>Lorsque nous parlons de \u00a0\u00bb renseignements personnels \u00a0\u00bb dans la pr\u00e9sente politique de confidentialit\u00e9, nous parlons \u00e0 la fois des renseignements sur les appareils et des renseignements sur les commandes.<\/p>\n\n<h4 class=\"wp-block-heading\">COMMENT UTILISONS-NOUS VOS INFORMATIONS PERSONNELLES ?<\/h4>\n\n<p>Nous utilisons les informations relatives aux commandes que nous recueillons g\u00e9n\u00e9ralement pour ex\u00e9cuter les commandes pass\u00e9es par le biais du site (y compris l&rsquo;ach\u00e8vement de l&rsquo;inscription, la gestion des abonnements, le traitement de vos informations de paiement, l&rsquo;organisation de l&rsquo;exp\u00e9dition et l&rsquo;envoi de factures et\/ou de confirmations de commande).<\/p>\n\n<p>En outre, nous utilisons ces informations de commande pour :<\/p>\n\n<ul class=\"wp-block-list\">\n<li>Communiquer avec vous ;<\/li>\n\n\n\n<li>Examiner nos commandes pour d\u00e9tecter les risques potentiels ou les fraudes ;<\/li>\n\n\n\n<li>lorsque cela est conforme aux pr\u00e9f\u00e9rences que vous avez partag\u00e9es avec nous, vous fournir des informations ou des publicit\u00e9s relatives \u00e0 nos produits ou services ; et<\/li>\n\n\n\n<li>En fonction des informations que vous fournissez sur vos allergies, votre mobilit\u00e9 ou d&rsquo;autres aspects de votre sant\u00e9, nous personnalisons les services en personne afin de garantir votre s\u00e9curit\u00e9 et votre confort.<\/li>\n<\/ul>\n\n<p>Nous utilisons les informations sur les appareils que nous recueillons pour nous aider \u00e0 d\u00e9tecter les risques et les fraudes potentiels (en particulier, votre adresse IP) et, plus g\u00e9n\u00e9ralement, pour am\u00e9liorer et optimiser notre site (par exemple, en g\u00e9n\u00e9rant des analyses sur la fa\u00e7on dont nos visiteurs et nos clients naviguent et interagissent avec le site, et pour \u00e9valuer le succ\u00e8s de nos campagnes de marketing et de publicit\u00e9). Le site n&rsquo;est (pas) actuellement configur\u00e9 pour vous afficher des publicit\u00e9s et vos informations ne sont (pas) utilis\u00e9es pour prendre en charge des technologies de publicit\u00e9 ou de reciblage.<\/p>\n\n<h4 class=\"wp-block-heading\">LE PARTAGE DE VOS INFORMATIONS PERSONNELLES<\/h4>\n\n<p>Nous partageons vos informations personnelles avec des tiers pour nous aider \u00e0 utiliser vos informations personnelles, comme d\u00e9crit ci-dessus. Par exemple, nous pouvons faire appel \u00e0 un prestataire de services pour nous aider \u00e0 exploiter le site ou notre entreprise et nous pouvons donner acc\u00e8s \u00e0 des renseignements personnels si cela est n\u00e9cessaire pour que les prestataires de services ex\u00e9cutent le service pour NFTC. Il peut s&rsquo;agir de prestataires de services qui g\u00e8rent notre site web, traitent les paiements, envoient nos communications ou organisent nos promotions. Nous utilisons \u00e9galement Google Analytics pour nous aider \u00e0 comprendre comment nos visiteurs et nos clients utilisent le site. Pour en savoir plus sur la mani\u00e8re dont Google utilise vos informations personnelles, cliquez ici <a href=\"https:\/\/www.google.com\/intl\/en\/policies\/privacy\/\">: https:\/\/www.google.com\/intl\/en\/policies\/privacy\/.<\/a> Vous pouvez \u00e9galement d\u00e9sactiver Google Analytics ici <a href=\"https:\/\/tools.google.com\/dlpage\/gaoptout\">: https:\/\/tools.google.com\/dlpage\/gaoptout.<\/a><\/p>\n\n<p>Enfin, nous pouvons \u00e9galement partager vos informations personnelles pour nous conformer aux lois et r\u00e9glementations applicables, pour r\u00e9pondre \u00e0 une assignation, un mandat de perquisition ou toute autre demande l\u00e9gale d&rsquo;informations que nous recevons, ou pour prot\u00e9ger nos droits de toute autre mani\u00e8re.<\/p>\n\n<h4 class=\"wp-block-heading\">NE PAS SUIVRE<\/h4>\n\n<p>Veuillez noter que nous ne modifions pas les pratiques de collecte et d&rsquo;utilisation des donn\u00e9es de notre site lorsque nous voyons un signal \u00ab\u00a0Do Not Track\u00a0\u00bb de votre navigateur.<\/p>\n\n<h4 class=\"wp-block-heading\">VOS DROITS<\/h4>\n\n<p>Si vous \u00eates un r\u00e9sident europ\u00e9en, conform\u00e9ment au GDPR, vous avez le droit d&rsquo;acc\u00e9der aux informations personnelles que nous d\u00e9tenons \u00e0 votre sujet et de demander que vos informations personnelles soient corrig\u00e9es, mises \u00e0 jour ou supprim\u00e9es. Si vous souhaitez exercer ce droit, veuillez nous contacter en utilisant les coordonn\u00e9es ci-dessous.<\/p>\n\n<p>En outre, si vous \u00eates un r\u00e9sident europ\u00e9en, nous notons que nous traitons vos informations afin d&rsquo;ex\u00e9cuter les contrats que nous pourrions avoir avec vous (par exemple si vous passez une commande par le biais du site), ou pour poursuivre nos int\u00e9r\u00eats commerciaux l\u00e9gitimes \u00e9num\u00e9r\u00e9s ci-dessus. En outre, veuillez noter que vos informations seront transf\u00e9r\u00e9es en dehors de l&rsquo;Europe, notamment au Canada et aux \u00c9tats-Unis.<\/p>\n\n<h4 class=\"wp-block-heading\">CONSERVATION DES DONN\u00c9ES<\/h4>\n\n<p>Lorsque vous passez une commande par l&rsquo;interm\u00e9diaire du site, nous conservons les informations relatives \u00e0 votre commande dans nos dossiers, sauf si vous nous demandez de supprimer ces informations.<\/p>\n\n<h4 class=\"wp-block-heading\">CHANGEMENTS<\/h4>\n\n<p>Nous pouvons \u00eatre amen\u00e9s \u00e0 mettre \u00e0 jour cette politique de confidentialit\u00e9 de temps \u00e0 autre afin de refl\u00e9ter, par exemple, des modifications de nos pratiques ou pour d&rsquo;autres raisons op\u00e9rationnelles, l\u00e9gales ou r\u00e9glementaires.<\/p>\n\n<h4 class=\"wp-block-heading\">CONTACT US<\/h4>\n\n<p>Pour plus d&rsquo;informations sur nos pratiques en mati\u00e8re de confidentialit\u00e9, si vous avez des questions ou si vous souhaitez d\u00e9poser une plainte, veuillez nous contacter par courrier \u00e9lectronique \u00e0 l&rsquo;adresse <a href=\"mailto:info@thresholdforest.ca\">info@thresholdforest.ca.<\/a><\/p>\n","protected":false},"excerpt":{"rendered":"<p>La pr\u00e9sente politique de confidentialit\u00e9 d\u00e9crit la mani\u00e8re dont vos informations personnelles sont collect\u00e9es, utilis\u00e9es et partag\u00e9es lorsque vous visitez ou effectuez une transaction avec NFTC \u00e0 l&rsquo;adresse https:\/\/natureforesttherapycanada.org (le \u00ab\u00a0site\u00a0\u00bb). INFORMATIONS PERSONNELLES QUE NOUS RECUEILLONS Lorsque vous visitez le Site, nous recueillons automatiquement certaines informations sur votre appareil, notamment des informations sur votre navigateur [&hellip;]<\/p>\n","protected":false},"author":1,"featured_media":0,"parent":0,"menu_order":0,"comment_status":"closed","ping_status":"closed","template":"","meta":{"_uag_custom_page_level_css":"","_monsterinsights_skip_tracking":false,"_monsterinsights_sitenote_active":false,"_monsterinsights_sitenote_note":"","_monsterinsights_sitenote_category":0,"site-sidebar-layout":"default","site-content-layout":"","ast-site-content-layout":"default","site-content-style":"default","site-sidebar-style":"default","ast-global-header-display":"","ast-banner-title-visibility":"","ast-main-header-display":"","ast-hfb-above-header-display":"","ast-hfb-below-header-display":"","ast-hfb-mobile-header-display":"","site-post-title":"","ast-breadcrumbs-content":"","ast-featured-img":"","footer-sml-layout":"","ast-disable-related-posts":"","theme-transparent-header-meta":"","adv-header-id-meta":"","stick-header-meta":"","header-above-stick-meta":"","header-main-stick-meta":"","header-below-stick-meta":"","astra-migrate-meta-layouts":"default","ast-page-background-enabled":"default","ast-page-background-meta":{"desktop":{"background-color":"var(--ast-global-color-4)","background-image":"","background-repeat":"repeat","background-position":"center center","background-size":"auto","background-attachment":"scroll","background-type":"","background-media":"","overlay-type":"","overlay-color":"","overlay-opacity":"","overlay-gradient":""},"tablet":{"background-color":"","background-image":"","background-repeat":"repeat","background-position":"center center","background-size":"auto","background-attachment":"scroll","background-type":"","background-media":"","overlay-type":"","overlay-color":"","overlay-opacity":"","overlay-gradient":""},"mobile":{"background-color":"","background-image":"","background-repeat":"repeat","background-position":"center center","background-size":"auto","background-attachment":"scroll","background-type":"","background-media":"","overlay-type":"","overlay-color":"","overlay-opacity":"","overlay-gradient":""}},"ast-content-background-meta":{"desktop":{"background-color":"var(--ast-global-color-5)","background-image":"","background-repeat":"repeat","background-position":"center center","background-size":"auto","background-attachment":"scroll","background-type":"","background-media":"","overlay-type":"","overlay-color":"","overlay-opacity":"","overlay-gradient":""},"tablet":{"background-color":"var(--ast-global-color-5)","background-image":"","background-repeat":"repeat","background-position":"center center","background-size":"auto","background-attachment":"scroll","background-type":"","background-media":"","overlay-type":"","overlay-color":"","overlay-opacity":"","overlay-gradient":""},"mobile":{"background-color":"var(--ast-global-color-5)","background-image":"","background-repeat":"repeat","background-position":"center center","background-size":"auto","background-attachment":"scroll","background-type":"","background-media":"","overlay-type":"","overlay-color":"","overlay-opacity":"","overlay-gradient":""}},"footnotes":""},"class_list":["post-45485","page","type-page","status-publish","hentry"],"yoast_head":"<!-- This site is optimized with the Yoast SEO plugin v27.3 - https:\/\/yoast.com\/product\/yoast-seo-wordpress\/ -->\n<title>Politique de confidentialit\u00e9 - Nature and Forest Therapy of Canada<\/title>\n<meta name=\"robots\" content=\"index, follow, max-snippet:-1, max-image-preview:large, max-video-preview:-1\" \/>\n<link rel=\"canonical\" href=\"https:\/\/natureforesttherapycanada.org\/fr\/politique-de-confidentialite\/\" \/>\n<meta property=\"og:locale\" content=\"fr_FR\" \/>\n<meta property=\"og:type\" content=\"article\" \/>\n<meta property=\"og:title\" content=\"Politique de confidentialit\u00e9 - Nature and Forest Therapy of Canada\" \/>\n<meta property=\"og:description\" content=\"La pr\u00e9sente politique de confidentialit\u00e9 d\u00e9crit la mani\u00e8re dont vos informations personnelles sont collect\u00e9es, utilis\u00e9es et partag\u00e9es lorsque vous visitez ou effectuez une transaction avec NFTC \u00e0 l&rsquo;adresse https:\/\/natureforesttherapycanada.org (le \u00ab\u00a0site\u00a0\u00bb). INFORMATIONS PERSONNELLES QUE NOUS RECUEILLONS Lorsque vous visitez le Site, nous recueillons automatiquement certaines informations sur votre appareil, notamment des informations sur votre navigateur [&hellip;]\" \/>\n<meta property=\"og:url\" content=\"https:\/\/natureforesttherapycanada.org\/fr\/politique-de-confidentialite\/\" \/>\n<meta property=\"og:site_name\" content=\"Nature and Forest Therapy of Canada\" \/>\n<meta property=\"article:modified_time\" content=\"2022-11-08T21:13:13+00:00\" \/>\n<meta name=\"twitter:card\" content=\"summary_large_image\" \/>\n<meta name=\"twitter:label1\" content=\"Dur\u00e9e de lecture estim\u00e9e\" \/>\n\t<meta name=\"twitter:data1\" content=\"6 minutes\" \/>\n<script type=\"application\/ld+json\" class=\"yoast-schema-graph\">{\"@context\":\"https:\\\/\\\/schema.org\",\"@graph\":[{\"@type\":\"WebPage\",\"@id\":\"https:\\\/\\\/natureforesttherapycanada.org\\\/fr\\\/politique-de-confidentialite\\\/\",\"url\":\"https:\\\/\\\/natureforesttherapycanada.org\\\/fr\\\/politique-de-confidentialite\\\/\",\"name\":\"Politique de confidentialit\u00e9 - Nature and Forest Therapy of Canada\",\"isPartOf\":{\"@id\":\"https:\\\/\\\/natureforesttherapycanada.org\\\/fr\\\/#website\"},\"datePublished\":\"2022-11-08T09:42:05+00:00\",\"dateModified\":\"2022-11-08T21:13:13+00:00\",\"breadcrumb\":{\"@id\":\"https:\\\/\\\/natureforesttherapycanada.org\\\/fr\\\/politique-de-confidentialite\\\/#breadcrumb\"},\"inLanguage\":\"fr-FR\",\"potentialAction\":[{\"@type\":\"ReadAction\",\"target\":[\"https:\\\/\\\/natureforesttherapycanada.org\\\/fr\\\/politique-de-confidentialite\\\/\"]}]},{\"@type\":\"BreadcrumbList\",\"@id\":\"https:\\\/\\\/natureforesttherapycanada.org\\\/fr\\\/politique-de-confidentialite\\\/#breadcrumb\",\"itemListElement\":[{\"@type\":\"ListItem\",\"position\":1,\"name\":\"Home\",\"item\":\"https:\\\/\\\/natureforesttherapycanada.org\\\/fr\\\/bienvenue-au-sinc\\\/\"},{\"@type\":\"ListItem\",\"position\":2,\"name\":\"Politique de confidentialit\u00e9\"}]},{\"@type\":\"WebSite\",\"@id\":\"https:\\\/\\\/natureforesttherapycanada.org\\\/fr\\\/#website\",\"url\":\"https:\\\/\\\/natureforesttherapycanada.org\\\/fr\\\/\",\"name\":\"Nature and Forest Therapy of Canada\",\"description\":\"Canada&#039;s independent, non-profit organization for Nature and Forest Therapy\",\"publisher\":{\"@id\":\"https:\\\/\\\/natureforesttherapycanada.org\\\/fr\\\/#organization\"},\"potentialAction\":[{\"@type\":\"SearchAction\",\"target\":{\"@type\":\"EntryPoint\",\"urlTemplate\":\"https:\\\/\\\/natureforesttherapycanada.org\\\/fr\\\/?s={search_term_string}\"},\"query-input\":{\"@type\":\"PropertyValueSpecification\",\"valueRequired\":true,\"valueName\":\"search_term_string\"}}],\"inLanguage\":\"fr-FR\"},{\"@type\":\"Organization\",\"@id\":\"https:\\\/\\\/natureforesttherapycanada.org\\\/fr\\\/#organization\",\"name\":\"Nature and Forest Therapy of Canada\",\"url\":\"https:\\\/\\\/natureforesttherapycanada.org\\\/fr\\\/\",\"logo\":{\"@type\":\"ImageObject\",\"inLanguage\":\"fr-FR\",\"@id\":\"https:\\\/\\\/natureforesttherapycanada.org\\\/fr\\\/#\\\/schema\\\/logo\\\/image\\\/\",\"url\":\"https:\\\/\\\/natureforesttherapycanada.org\\\/wp-content\\\/uploads\\\/2022\\\/06\\\/NFTC_En_C240X73.png\",\"contentUrl\":\"https:\\\/\\\/natureforesttherapycanada.org\\\/wp-content\\\/uploads\\\/2022\\\/06\\\/NFTC_En_C240X73.png\",\"width\":240,\"height\":73,\"caption\":\"Nature and Forest Therapy of Canada\"},\"image\":{\"@id\":\"https:\\\/\\\/natureforesttherapycanada.org\\\/fr\\\/#\\\/schema\\\/logo\\\/image\\\/\"}}]}<\/script>\n<!-- \/ Yoast SEO plugin. -->","yoast_head_json":{"title":"Politique de confidentialit\u00e9 - Nature and Forest Therapy of Canada","robots":{"index":"index","follow":"follow","max-snippet":"max-snippet:-1","max-image-preview":"max-image-preview:large","max-video-preview":"max-video-preview:-1"},"canonical":"https:\/\/natureforesttherapycanada.org\/fr\/politique-de-confidentialite\/","og_locale":"fr_FR","og_type":"article","og_title":"Politique de confidentialit\u00e9 - Nature and Forest Therapy of Canada","og_description":"La pr\u00e9sente politique de confidentialit\u00e9 d\u00e9crit la mani\u00e8re dont vos informations personnelles sont collect\u00e9es, utilis\u00e9es et partag\u00e9es lorsque vous visitez ou effectuez une transaction avec NFTC \u00e0 l&rsquo;adresse https:\/\/natureforesttherapycanada.org (le \u00ab\u00a0site\u00a0\u00bb). INFORMATIONS PERSONNELLES QUE NOUS RECUEILLONS Lorsque vous visitez le Site, nous recueillons automatiquement certaines informations sur votre appareil, notamment des informations sur votre navigateur [&hellip;]","og_url":"https:\/\/natureforesttherapycanada.org\/fr\/politique-de-confidentialite\/","og_site_name":"Nature and Forest Therapy of Canada","article_modified_time":"2022-11-08T21:13:13+00:00","twitter_card":"summary_large_image","twitter_misc":{"Dur\u00e9e de lecture estim\u00e9e":"6 minutes"},"schema":{"@context":"https:\/\/schema.org","@graph":[{"@type":"WebPage","@id":"https:\/\/natureforesttherapycanada.org\/fr\/politique-de-confidentialite\/","url":"https:\/\/natureforesttherapycanada.org\/fr\/politique-de-confidentialite\/","name":"Politique de confidentialit\u00e9 - Nature and Forest Therapy of Canada","isPartOf":{"@id":"https:\/\/natureforesttherapycanada.org\/fr\/#website"},"datePublished":"2022-11-08T09:42:05+00:00","dateModified":"2022-11-08T21:13:13+00:00","breadcrumb":{"@id":"https:\/\/natureforesttherapycanada.org\/fr\/politique-de-confidentialite\/#breadcrumb"},"inLanguage":"fr-FR","potentialAction":[{"@type":"ReadAction","target":["https:\/\/natureforesttherapycanada.org\/fr\/politique-de-confidentialite\/"]}]},{"@type":"BreadcrumbList","@id":"https:\/\/natureforesttherapycanada.org\/fr\/politique-de-confidentialite\/#breadcrumb","itemListElement":[{"@type":"ListItem","position":1,"name":"Home","item":"https:\/\/natureforesttherapycanada.org\/fr\/bienvenue-au-sinc\/"},{"@type":"ListItem","position":2,"name":"Politique de confidentialit\u00e9"}]},{"@type":"WebSite","@id":"https:\/\/natureforesttherapycanada.org\/fr\/#website","url":"https:\/\/natureforesttherapycanada.org\/fr\/","name":"Nature and Forest Therapy of Canada","description":"Canada&#039;s independent, non-profit organization for Nature and Forest Therapy","publisher":{"@id":"https:\/\/natureforesttherapycanada.org\/fr\/#organization"},"potentialAction":[{"@type":"SearchAction","target":{"@type":"EntryPoint","urlTemplate":"https:\/\/natureforesttherapycanada.org\/fr\/?s={search_term_string}"},"query-input":{"@type":"PropertyValueSpecification","valueRequired":true,"valueName":"search_term_string"}}],"inLanguage":"fr-FR"},{"@type":"Organization","@id":"https:\/\/natureforesttherapycanada.org\/fr\/#organization","name":"Nature and Forest Therapy of Canada","url":"https:\/\/natureforesttherapycanada.org\/fr\/","logo":{"@type":"ImageObject","inLanguage":"fr-FR","@id":"https:\/\/natureforesttherapycanada.org\/fr\/#\/schema\/logo\/image\/","url":"https:\/\/natureforesttherapycanada.org\/wp-content\/uploads\/2022\/06\/NFTC_En_C240X73.png","contentUrl":"https:\/\/natureforesttherapycanada.org\/wp-content\/uploads\/2022\/06\/NFTC_En_C240X73.png","width":240,"height":73,"caption":"Nature and Forest Therapy of Canada"},"image":{"@id":"https:\/\/natureforesttherapycanada.org\/fr\/#\/schema\/logo\/image\/"}}]}},"uagb_featured_image_src":{"full":false,"thumbnail":false,"medium":false,"medium_large":false,"large":false,"1536x1536":false,"2048x2048":false,"gform-image-choice-sm":false,"gform-image-choice-md":false,"gform-image-choice-lg":false,"mpcs-course-thumbnail":false},"uagb_author_info":{"display_name":"nftcadmin","author_link":"https:\/\/natureforesttherapycanada.org\/fr\/author\/nftcadmin\/"},"uagb_comment_info":0,"uagb_excerpt":"La pr\u00e9sente politique de confidentialit\u00e9 d\u00e9crit la mani\u00e8re dont vos informations personnelles sont collect\u00e9es, utilis\u00e9es et partag\u00e9es lorsque vous visitez ou effectuez une transaction avec NFTC \u00e0 l&rsquo;adresse https:\/\/natureforesttherapycanada.org (le \u00ab\u00a0site\u00a0\u00bb). INFORMATIONS PERSONNELLES QUE NOUS RECUEILLONS Lorsque vous visitez le Site, nous recueillons automatiquement certaines informations sur votre appareil, notamment des informations sur votre navigateur\u2026","_links":{"self":[{"href":"https:\/\/natureforesttherapycanada.org\/fr\/wp-json\/wp\/v2\/pages\/45485","targetHints":{"allow":["GET"]}}],"collection":[{"href":"https:\/\/natureforesttherapycanada.org\/fr\/wp-json\/wp\/v2\/pages"}],"about":[{"href":"https:\/\/natureforesttherapycanada.org\/fr\/wp-json\/wp\/v2\/types\/page"}],"author":[{"embeddable":true,"href":"https:\/\/natureforesttherapycanada.org\/fr\/wp-json\/wp\/v2\/users\/1"}],"replies":[{"embeddable":true,"href":"https:\/\/natureforesttherapycanada.org\/fr\/wp-json\/wp\/v2\/comments?post=45485"}],"version-history":[{"count":1,"href":"https:\/\/natureforesttherapycanada.org\/fr\/wp-json\/wp\/v2\/pages\/45485\/revisions"}],"predecessor-version":[{"id":45486,"href":"https:\/\/natureforesttherapycanada.org\/fr\/wp-json\/wp\/v2\/pages\/45485\/revisions\/45486"}],"wp:attachment":[{"href":"https:\/\/natureforesttherapycanada.org\/fr\/wp-json\/wp\/v2\/media?parent=45485"}],"curies":[{"name":"wp","href":"https:\/\/api.w.org\/{rel}","templated":true}]}}